{"id":9432,"date":"2022-04-06T16:00:53","date_gmt":"2022-04-06T16:00:53","guid":{"rendered":"https:\/\/www.fondosanedil.it\/?page_id=9432"},"modified":"2022-04-06T16:05:13","modified_gmt":"2022-04-06T16:05:13","slug":"sms","status":"publish","type":"page","link":"https:\/\/www.fondosanedil.it\/fr\/sms\/","title":{"rendered":"Sms"},"content":{"rendered":"<p>[et_pb_section fb_built=&#8221;1&#8243; custom_padding_last_edited=&#8221;on|tablet&#8221; _builder_version=&#8221;4.15&#8243; background_color=&#8221;#21496e&#8221; use_background_color_gradient=&#8221;on&#8221; background_color_gradient_start=&#8221;#ffffff&#8221; background_color_gradient_end=&#8221;#9cbcb3&#8243; background_enable_image=&#8221;off&#8221; background_position=&#8221;center_right&#8221; module_alignment=&#8221;left&#8221; custom_margin=&#8221;|0px|||false|false&#8221; custom_margin_tablet=&#8221;|0px|||false|false&#8221; custom_margin_phone=&#8221;|0px|-2px||false|false&#8221; custom_margin_last_edited=&#8221;on|tablet&#8221; custom_padding=&#8221;5vw||7vw||false|false&#8221; custom_padding_tablet=&#8221;12vw||12vw||true|false&#8221; custom_padding_phone=&#8221;21vw||21vw||true|false&#8221; top_divider_style=&#8221;arrow2&#8243; top_divider_color=&#8221;#ffffff&#8221; top_divider_height=&#8221;225px&#8221; top_divider_arrangement=&#8221;above_content&#8221; top_divider_height_tablet=&#8221;112px&#8221; top_divider_height_phone=&#8221;100px&#8221; top_divider_height_last_edited=&#8221;on|phone&#8221; bottom_divider_color=&#8221;#e02b20&#8243; bottom_divider_height=&#8221;121px&#8221; bottom_divider_repeat=&#8221;0x&#8221; bottom_divider_arrangement=&#8221;above_content&#8221; animation_style=&#8221;slide&#8221; animation_direction=&#8221;top&#8221; animation_intensity_slide=&#8221;5%&#8221; background_last_edited=&#8221;on|tablet&#8221; background_enable_image_tablet=&#8221;off&#8221; background_enable_image_phone=&#8221;off&#8221; background_position_phone=&#8221;center_right&#8221; border_color_all=&#8221;#005386&#8243; border_width_right=&#8221;0vw&#8221; box_shadow_style=&#8221;preset4&#8243; box_shadow_horizontal=&#8221;20px&#8221; box_shadow_vertical=&#8221;0px&#8221; box_shadow_color=&#8221;rgba(238,28,37,0.35)&#8221; global_colors_info=&#8221;{}&#8221;][et_pb_row _builder_version=&#8221;4.15&#8243; positioning=&#8221;none&#8221; z_index=&#8221;9999999999&#8243; custom_margin=&#8221;||0px||false|false&#8221; custom_padding=&#8221;||0px||false|false&#8221; global_colors_info=&#8221;{}&#8221;][et_pb_column type=&#8221;4_4&#8243; _builder_version=&#8221;4.15&#8243; global_colors_info=&#8221;{}&#8221;][et_pb_text _builder_version=&#8221;4.15.1&#8243; header_2_font=&#8221;|700|||||||&#8221; header_2_text_align=&#8221;center&#8221; hover_enabled=&#8221;0&#8243; header_2_font_size_tablet=&#8221;&#8221; header_2_font_size_phone=&#8221;26px&#8221; header_2_font_size_last_edited=&#8221;on|phone&#8221; global_colors_info=&#8221;{}&#8221; sticky_enabled=&#8221;0&#8243;]<\/p>\n<h2>Vous avez besoin de r\u00e9server une prestation ou de demander un remboursement?<\/h2>\n<p>[\/et_pb_text][et_pb_image src=&#8221;https:\/\/www.fondosanedil.it\/wp-content\/uploads\/2021\/11\/icona-prenotazione.png&#8221; title_text=&#8221;icona-prenotazione&#8221; show_bottom_space=&#8221;off&#8221; align=&#8221;center&#8221; disabled_on=&#8221;on|on|on&#8221; _builder_version=&#8221;4.15.1&#8243; _module_preset=&#8221;default&#8221; max_height=&#8221;200px&#8221; custom_margin=&#8221;||50px||false|false&#8221; custom_margin_tablet=&#8221;&#8221; custom_margin_phone=&#8221;||20px||false|false&#8221; custom_margin_last_edited=&#8221;on|phone&#8221; custom_padding=&#8221;||0px||false|false&#8221; disabled=&#8221;on&#8221; global_colors_info=&#8221;{}&#8221;][\/et_pb_image][et_pb_image src=&#8221;https:\/\/www.fondosanedil.it\/wp-content\/uploads\/2020\/11\/ideogramma-sanedil.png&#8221; title_text=&#8221;ideogramma-sanedil&#8221; show_bottom_space=&#8221;off&#8221; align=&#8221;center&#8221; _builder_version=&#8221;4.15.1&#8243; _module_preset=&#8221;default&#8221; max_height=&#8221;200px&#8221; custom_margin=&#8221;||50px||false|false&#8221; custom_margin_tablet=&#8221;&#8221; custom_margin_phone=&#8221;||20px||false|false&#8221; custom_margin_last_edited=&#8221;on|phone&#8221; custom_padding=&#8221;||0px||false|false&#8221; global_colors_info=&#8221;{}&#8221;][\/et_pb_image][\/et_pb_column][\/et_pb_row][et_pb_row column_structure=&#8221;1_2,1_2&#8243; _builder_version=&#8221;4.15&#8243; _module_preset=&#8221;default&#8221; background_color=&#8221;rgba(255,255,255,0.41)&#8221; width=&#8221;60%&#8221; width_tablet=&#8221;80%&#8221; width_phone=&#8221;80%&#8221; width_last_edited=&#8221;on|phone&#8221; global_colors_info=&#8221;{}&#8221;][et_pb_column type=&#8221;1_2&#8243; _builder_version=&#8221;4.15&#8243; _module_preset=&#8221;default&#8221; global_colors_info=&#8221;{}&#8221;][et_pb_icon font_icon=&#8221;&#xf0f1;||fa||900&#8243; icon_color=&#8221;#1a9587&#8243; _builder_version=&#8221;4.15.1&#8243; _module_preset=&#8221;default&#8221; global_colors_info=&#8221;{}&#8221;][\/et_pb_icon][et_pb_text _builder_version=&#8221;4.15.1&#8243; _module_preset=&#8221;default&#8221; header_4_font=&#8221;||||||||&#8221; header_4_text_align=&#8221;center&#8221; header_4_font_size=&#8221;1vw&#8221; header_4_line_height=&#8221;1.5vw&#8221; hover_enabled=&#8221;0&#8243; header_4_font_size_tablet=&#8221;3vw&#8221; header_4_font_size_phone=&#8221;7vw&#8221; header_4_font_size_last_edited=&#8221;on|phone&#8221; header_4_line_height_tablet=&#8221;3vw&#8221; header_4_line_height_phone=&#8221;7vw&#8221; header_4_line_height_last_edited=&#8221;on|desktop&#8221; global_colors_info=&#8221;{}&#8221; sticky_enabled=&#8221;0&#8243;]<\/p>\n<h4>Vous avez besoin de <strong>r\u00e9server une prestation<\/strong> ou <strong>de demander un remboursement<\/strong>?<\/h4>\n<p>[\/et_pb_text][et_pb_button button_url=&#8221;https:\/\/portale.fondosanedil.it\/login&#8221; url_new_window=&#8221;on&#8221; button_text=&#8221;CONNECTEZ-VOUS AU PORTAIL&#8221; button_alignment=&#8221;center&#8221; _builder_version=&#8221;4.15.1&#8243; custom_button=&#8221;on&#8221; button_text_size=&#8221;16px&#8221; button_bg_color=&#8221;gcid-34cd3ded-da2d-4520-9c3d-ba2a7443cb05&#8243; button_border_width=&#8221;8px&#8221; button_border_color=&#8221;gcid-34cd3ded-da2d-4520-9c3d-ba2a7443cb05&#8243; button_border_radius=&#8221;12px&#8221; button_letter_spacing=&#8221;1px&#8221; button_font=&#8221;Oxygen|700||on|||||&#8221; button_use_icon=&#8221;off&#8221; background_layout=&#8221;dark&#8221; custom_margin_tablet=&#8221;&#8221; custom_margin_phone=&#8221;||||false|false&#8221; custom_margin_last_edited=&#8221;on|phone&#8221; custom_padding=&#8221;5px|5px|5px|5px|false|false&#8221; custom_padding_tablet=&#8221;&#8221; custom_padding_phone=&#8221;||||false|false&#8221; custom_padding_last_edited=&#8221;on|phone&#8221; hover_enabled=&#8221;0&#8243; button_text_size_tablet=&#8221;16px&#8221; button_text_size_phone=&#8221;4vw&#8221; button_text_size_last_edited=&#8221;on|phone&#8221; locked=&#8221;off&#8221; global_colors_info=&#8221;{%22gcid-34cd3ded-da2d-4520-9c3d-ba2a7443cb05%22:%91%22button_bg_color%22,%22button_border_color%22%93}&#8221; sticky_enabled=&#8221;0&#8243;][\/et_pb_button][\/et_pb_column][et_pb_column type=&#8221;1_2&#8243; _builder_version=&#8221;4.15&#8243; _module_preset=&#8221;default&#8221; global_colors_info=&#8221;{}&#8221;][et_pb_icon font_icon=&#8221;&#xe0e0;||divi||400&#8243; _builder_version=&#8221;4.15.1&#8243; _module_preset=&#8221;default&#8221; global_colors_info=&#8221;{}&#8221;][\/et_pb_icon][et_pb_text _builder_version=&#8221;4.15.1&#8243; _module_preset=&#8221;default&#8221; header_4_font=&#8221;||||||||&#8221; header_4_text_align=&#8221;center&#8221; header_4_font_size=&#8221;1vw&#8221; header_4_line_height=&#8221;1.5vw&#8221; hover_enabled=&#8221;0&#8243; header_4_font_size_tablet=&#8221;3vw&#8221; header_4_font_size_phone=&#8221;7vw&#8221; header_4_font_size_last_edited=&#8221;on|phone&#8221; header_4_line_height_tablet=&#8221;3vw&#8221; header_4_line_height_phone=&#8221;7vw&#8221; header_4_line_height_last_edited=&#8221;on|desktop&#8221; locked=&#8221;off&#8221; global_colors_info=&#8221;{}&#8221; sticky_enabled=&#8221;0&#8243;]<\/p>\n<h4>Vous n&#8217;\u00eates pas encore inscrit<br \/>au <strong>Portail S.I.Sanedi<\/strong><\/h4>\n<p>[\/et_pb_text][et_pb_button button_url=&#8221;https:\/\/portale.fondosanedil.it\/register\/worker&#8221; url_new_window=&#8221;on&#8221; button_text=&#8221;INSCRIVEZ-VOUS D\u00c8S MAINTENANT&#8221; button_alignment=&#8221;center&#8221; _builder_version=&#8221;4.15.1&#8243; custom_button=&#8221;on&#8221; button_text_size=&#8221;16px&#8221; button_bg_color=&#8221;#005386&#8243; button_border_width=&#8221;8px&#8221; button_border_color=&#8221;#005386&#8243; button_border_radius=&#8221;14px&#8221; button_letter_spacing=&#8221;0px&#8221; button_font=&#8221;|700||on|||||&#8221; button_use_icon=&#8221;off&#8221; background_layout=&#8221;dark&#8221; custom_padding=&#8221;5px|5px|5px|5px|false|false&#8221; custom_padding_tablet=&#8221;&#8221; custom_padding_phone=&#8221;||||false|false&#8221; custom_padding_last_edited=&#8221;on|phone&#8221; hover_enabled=&#8221;0&#8243; button_text_size_tablet=&#8221;16px&#8221; button_text_size_phone=&#8221;4vw&#8221; button_text_size_last_edited=&#8221;on|phone&#8221; global_colors_info=&#8221;{}&#8221; sticky_enabled=&#8221;0&#8243;][\/et_pb_button][\/et_pb_column][\/et_pb_row][et_pb_row _builder_version=&#8221;4.15&#8243; positioning=&#8221;none&#8221; z_index=&#8221;9999999999&#8243; global_colors_info=&#8221;{}&#8221;][et_pb_column type=&#8221;4_4&#8243; _builder_version=&#8221;4.15&#8243; global_colors_info=&#8221;{}&#8221;][et_pb_text _builder_version=&#8221;4.15.1&#8243; _module_preset=&#8221;default&#8221; link_font=&#8221;||||on|||#E02B20|&#8221; link_text_color=&#8221;#E02B20&#8243; header_4_font=&#8221;||||||||&#8221; header_4_text_align=&#8221;center&#8221; header_4_font_size=&#8221;1vw&#8221; header_4_line_height=&#8221;1.5vw&#8221; hover_enabled=&#8221;0&#8243; header_4_font_size_tablet=&#8221;3vw&#8221; header_4_font_size_phone=&#8221;7vw&#8221; header_4_font_size_last_edited=&#8221;on|phone&#8221; header_4_line_height_tablet=&#8221;3vw&#8221; header_4_line_height_phone=&#8221;7vw&#8221; header_4_line_height_last_edited=&#8221;on|desktop&#8221; locked=&#8221;off&#8221; global_colors_info=&#8221;{}&#8221; sticky_enabled=&#8221;0&#8243;]<\/p>\n<h4><strong>Si vous avez re\u00e7u ce SMS par erreur et que vous souhaitez ne plus en recevoir, <a href=\"\/fr\/cancella-sms\/\">cliquez ici.<\/a><\/strong><\/h4>\n<p>[\/et_pb_text][\/et_pb_column][\/et_pb_row][\/et_pb_section]<\/p>\n","protected":false},"excerpt":{"rendered":"<p>Vous avez besoin de r\u00e9server une prestation ou de demander un remboursement?Vous avez besoin de r\u00e9server une prestation ou de demander un remboursement?Vous n&#8217;\u00eates pas encore inscritau Portail S.I.SanediSi vous avez re\u00e7u ce SMS par erreur et que vous souhaitez ne plus en recevoir, cliquez ici.<\/p>\n","protected":false},"author":1,"featured_media":0,"parent":0,"menu_order":0,"comment_status":"closed","ping_status":"closed","template":"","meta":{"_et_pb_use_builder":"on","_et_pb_old_content":"","_et_gb_content_width":"","inline_featured_image":false,"footnotes":""},"class_list":["post-9432","page","type-page","status-publish","hentry"],"yoast_head":"<!-- This site is optimized with the Yoast SEO plugin v26.0 - https:\/\/yoast.com\/wordpress\/plugins\/seo\/ -->\n<title>Sms - Fondo Sanedil<\/title>\n<meta name=\"description\" content=\"Visita la pagina, scopri tutte le prestazioni previste dai nostri piani sanitari e trova la struttura sanitaria convenzionata pi\u00f9 vicina a te!\" \/>\n<meta name=\"robots\" content=\"index, follow, max-snippet:-1, max-image-preview:large, max-video-preview:-1\" \/>\n<link rel=\"canonical\" href=\"https:\/\/www.fondosanedil.it\/fr\/sms\/\" \/>\n<meta property=\"og:locale\" content=\"fr_FR\" \/>\n<meta property=\"og:type\" content=\"article\" \/>\n<meta property=\"og:title\" content=\"Sms - Fondo Sanedil\" \/>\n<meta property=\"og:description\" content=\"Visita la pagina, scopri tutte le prestazioni previste dai nostri piani sanitari e trova la struttura sanitaria convenzionata pi\u00f9 vicina a te!\" \/>\n<meta property=\"og:url\" content=\"https:\/\/www.fondosanedil.it\/fr\/sms\/\" \/>\n<meta property=\"og:site_name\" content=\"Sanedil\" \/>\n<meta property=\"article:publisher\" content=\"https:\/\/www.facebook.com\/FondoSanedil\" \/>\n<meta property=\"article:modified_time\" content=\"2022-04-06T16:05:13+00:00\" \/>\n<meta property=\"og:image\" content=\"https:\/\/www.fondosanedil.it\/wp-content\/uploads\/2020\/02\/logo_sanedil_nero-e1568580868638.png\" \/>\n\t<meta property=\"og:image:width\" content=\"900\" \/>\n\t<meta property=\"og:image:height\" content=\"355\" \/>\n\t<meta property=\"og:image:type\" content=\"image\/png\" \/>\n<meta name=\"twitter:card\" content=\"summary_large_image\" \/>\n<meta name=\"twitter:label1\" content=\"Est. reading time\" \/>\n\t<meta name=\"twitter:data1\" content=\"2 minutes\" \/>\n<script type=\"application\/ld+json\" class=\"yoast-schema-graph\">{\"@context\":\"https:\/\/schema.org\",\"@graph\":[{\"@type\":\"WebPage\",\"@id\":\"https:\/\/www.fondosanedil.it\/fr\/sms\/\",\"url\":\"https:\/\/www.fondosanedil.it\/fr\/sms\/\",\"name\":\"Sms - Fondo Sanedil\",\"isPartOf\":{\"@id\":\"https:\/\/www.fondosanedil.it\/fr\/#website\"},\"datePublished\":\"2022-04-06T16:00:53+00:00\",\"dateModified\":\"2022-04-06T16:05:13+00:00\",\"description\":\"Visita la pagina, scopri tutte le prestazioni previste dai nostri piani sanitari e trova la struttura sanitaria convenzionata pi\u00f9 vicina a te!\",\"inLanguage\":\"fr-FR\",\"potentialAction\":[{\"@type\":\"ReadAction\",\"target\":[\"https:\/\/www.fondosanedil.it\/fr\/sms\/\"]}]},{\"@type\":\"WebSite\",\"@id\":\"https:\/\/www.fondosanedil.it\/fr\/#website\",\"url\":\"https:\/\/www.fondosanedil.it\/fr\/\",\"name\":\"Sanedil\",\"description\":\"Fondo Nazionale di Assistenza Sanitaria Integrativa per i lavoratori dell\u2019edilizia\",\"publisher\":{\"@id\":\"https:\/\/www.fondosanedil.it\/fr\/#organization\"},\"potentialAction\":[{\"@type\":\"SearchAction\",\"target\":{\"@type\":\"EntryPoint\",\"urlTemplate\":\"https:\/\/www.fondosanedil.it\/fr\/?s={search_term_string}\"},\"query-input\":{\"@type\":\"PropertyValueSpecification\",\"valueRequired\":true,\"valueName\":\"search_term_string\"}}],\"inLanguage\":\"fr-FR\"},{\"@type\":\"Organization\",\"@id\":\"https:\/\/www.fondosanedil.it\/fr\/#organization\",\"name\":\"Fondo Sanedil - Fondo Sanitario Lavoratori Edili\",\"url\":\"https:\/\/www.fondosanedil.it\/fr\/\",\"logo\":{\"@type\":\"ImageObject\",\"inLanguage\":\"fr-FR\",\"@id\":\"https:\/\/www.fondosanedil.it\/fr\/#\/schema\/logo\/image\/\",\"url\":\"https:\/\/www.fondosanedil.it\/wp-content\/uploads\/2020\/02\/logo_sanedil_nero-e1568580868638.png\",\"contentUrl\":\"https:\/\/www.fondosanedil.it\/wp-content\/uploads\/2020\/02\/logo_sanedil_nero-e1568580868638.png\",\"width\":900,\"height\":355,\"caption\":\"Fondo Sanedil - Fondo Sanitario Lavoratori Edili\"},\"image\":{\"@id\":\"https:\/\/www.fondosanedil.it\/fr\/#\/schema\/logo\/image\/\"},\"sameAs\":[\"https:\/\/www.facebook.com\/FondoSanedil\"]}]}<\/script>\n<!-- \/ Yoast SEO plugin. -->","yoast_head_json":{"title":"Sms - Fondo Sanedil","description":"Visita la pagina, scopri tutte le prestazioni previste dai nostri piani sanitari e trova la struttura sanitaria convenzionata pi\u00f9 vicina a te!","robots":{"index":"index","follow":"follow","max-snippet":"max-snippet:-1","max-image-preview":"max-image-preview:large","max-video-preview":"max-video-preview:-1"},"canonical":"https:\/\/www.fondosanedil.it\/fr\/sms\/","og_locale":"fr_FR","og_type":"article","og_title":"Sms - Fondo Sanedil","og_description":"Visita la pagina, scopri tutte le prestazioni previste dai nostri piani sanitari e trova la struttura sanitaria convenzionata pi\u00f9 vicina a te!","og_url":"https:\/\/www.fondosanedil.it\/fr\/sms\/","og_site_name":"Sanedil","article_publisher":"https:\/\/www.facebook.com\/FondoSanedil","article_modified_time":"2022-04-06T16:05:13+00:00","og_image":[{"width":900,"height":355,"url":"https:\/\/www.fondosanedil.it\/wp-content\/uploads\/2020\/02\/logo_sanedil_nero-e1568580868638.png","type":"image\/png"}],"twitter_card":"summary_large_image","twitter_misc":{"Est. reading time":"2 minutes"},"schema":{"@context":"https:\/\/schema.org","@graph":[{"@type":"WebPage","@id":"https:\/\/www.fondosanedil.it\/fr\/sms\/","url":"https:\/\/www.fondosanedil.it\/fr\/sms\/","name":"Sms - Fondo Sanedil","isPartOf":{"@id":"https:\/\/www.fondosanedil.it\/fr\/#website"},"datePublished":"2022-04-06T16:00:53+00:00","dateModified":"2022-04-06T16:05:13+00:00","description":"Visita la pagina, scopri tutte le prestazioni previste dai nostri piani sanitari e trova la struttura sanitaria convenzionata pi\u00f9 vicina a te!","inLanguage":"fr-FR","potentialAction":[{"@type":"ReadAction","target":["https:\/\/www.fondosanedil.it\/fr\/sms\/"]}]},{"@type":"WebSite","@id":"https:\/\/www.fondosanedil.it\/fr\/#website","url":"https:\/\/www.fondosanedil.it\/fr\/","name":"Sanedil","description":"Fondo Nazionale di Assistenza Sanitaria Integrativa per i lavoratori dell\u2019edilizia","publisher":{"@id":"https:\/\/www.fondosanedil.it\/fr\/#organization"},"potentialAction":[{"@type":"SearchAction","target":{"@type":"EntryPoint","urlTemplate":"https:\/\/www.fondosanedil.it\/fr\/?s={search_term_string}"},"query-input":{"@type":"PropertyValueSpecification","valueRequired":true,"valueName":"search_term_string"}}],"inLanguage":"fr-FR"},{"@type":"Organization","@id":"https:\/\/www.fondosanedil.it\/fr\/#organization","name":"Fondo Sanedil - Fondo Sanitario Lavoratori Edili","url":"https:\/\/www.fondosanedil.it\/fr\/","logo":{"@type":"ImageObject","inLanguage":"fr-FR","@id":"https:\/\/www.fondosanedil.it\/fr\/#\/schema\/logo\/image\/","url":"https:\/\/www.fondosanedil.it\/wp-content\/uploads\/2020\/02\/logo_sanedil_nero-e1568580868638.png","contentUrl":"https:\/\/www.fondosanedil.it\/wp-content\/uploads\/2020\/02\/logo_sanedil_nero-e1568580868638.png","width":900,"height":355,"caption":"Fondo Sanedil - Fondo Sanitario Lavoratori Edili"},"image":{"@id":"https:\/\/www.fondosanedil.it\/fr\/#\/schema\/logo\/image\/"},"sameAs":["https:\/\/www.facebook.com\/FondoSanedil"]}]}},"_links":{"self":[{"href":"https:\/\/www.fondosanedil.it\/fr\/wp-json\/wp\/v2\/pages\/9432","targetHints":{"allow":["GET"]}}],"collection":[{"href":"https:\/\/www.fondosanedil.it\/fr\/wp-json\/wp\/v2\/pages"}],"about":[{"href":"https:\/\/www.fondosanedil.it\/fr\/wp-json\/wp\/v2\/types\/page"}],"author":[{"embeddable":true,"href":"https:\/\/www.fondosanedil.it\/fr\/wp-json\/wp\/v2\/users\/1"}],"replies":[{"embeddable":true,"href":"https:\/\/www.fondosanedil.it\/fr\/wp-json\/wp\/v2\/comments?post=9432"}],"version-history":[{"count":4,"href":"https:\/\/www.fondosanedil.it\/fr\/wp-json\/wp\/v2\/pages\/9432\/revisions"}],"predecessor-version":[{"id":9987,"href":"https:\/\/www.fondosanedil.it\/fr\/wp-json\/wp\/v2\/pages\/9432\/revisions\/9987"}],"wp:attachment":[{"href":"https:\/\/www.fondosanedil.it\/fr\/wp-json\/wp\/v2\/media?parent=9432"}],"curies":[{"name":"wp","href":"https:\/\/api.w.org\/{rel}","templated":true}]}}